{"id":3374,"date":"2024-12-08T18:16:22","date_gmt":"2024-12-08T14:16:22","guid":{"rendered":"https:\/\/www.omtds.mu\/voip-solutions\/"},"modified":"2025-05-14T12:42:23","modified_gmt":"2025-05-14T08:42:23","slug":"voip","status":"publish","type":"page","link":"https:\/\/www.omtds.mu\/fr\/services\/voip\/","title":{"rendered":"Solutions VOIP"},"content":{"rendered":"\t\t<div data-elementor-type=\"wp-page\" data-elementor-id=\"3374\" class=\"elementor elementor-3374 elementor-2964\" data-elementor-post-type=\"page\">\n\t\t\t\t<div class=\"elementor-element elementor-element-6728307 e-flex e-con-boxed e-con e-parent\" data-id=\"6728307\" data-element_type=\"container\" data-settings=\"{&quot;jet_parallax_layout_list&quot;:[],&quot;background_background&quot;:&quot;classic&quot;}\">\n\t\t\t\t\t<div class=\"e-con-inner\">\n\t\t<div class=\"elementor-element elementor-element-33e1c3f e-con-full e-flex e-con e-child\" data-id=\"33e1c3f\" data-element_type=\"container\" data-settings=\"{&quot;jet_parallax_layout_list&quot;:[]}\">\n\t\t\t\t<div class=\"elementor-element elementor-element-6c00547 elementor-vertical-align-middle elementor-vertical-align-middle swe-hero-icon-title elementor-invisible elementor-widget elementor-widget-icon-box\" data-id=\"6c00547\" data-element_type=\"widget\" data-settings=\"{&quot;_animation&quot;:&quot;fadeInUp&quot;}\" data-widget_type=\"icon-box.default\">\n\t\t\t\t\t\t\t<div class=\"elementor-icon-box-wrapper\">\n\n\t\t\t\n\t\t\t\t\t\t<div class=\"elementor-icon-box-content\">\n\n\t\t\t\t\t\t\t\t\t<h1 class=\"elementor-icon-box-title\">\n\t\t\t\t\t\t<span  >\n\t\t\t\t\t\t\tSolutions VOIP\t\t\t\t\t\t<\/span>\n\t\t\t\t\t<\/h1>\n\t\t\t\t\n\t\t\t\t\n\t\t\t<\/div>\n\t\t\t\n\t\t<\/div>\n\t\t\t\t\t\t<\/div>\n\t\t\t\t<\/div>\n\t\t\t\t\t<\/div>\n\t\t\t\t<\/div>\n\t\t<div class=\"elementor-element elementor-element-cec399c e-flex e-con-boxed e-con e-parent\" data-id=\"cec399c\" data-element_type=\"container\" data-settings=\"{&quot;jet_parallax_layout_list&quot;:[]}\">\n\t\t\t\t\t<div class=\"e-con-inner\">\n\t\t<div class=\"elementor-element elementor-element-92e69cd e-con-full e-flex e-con e-child\" data-id=\"92e69cd\" data-element_type=\"container\" data-settings=\"{&quot;jet_parallax_layout_list&quot;:[]}\">\n\t\t\t\t<div class=\"elementor-element elementor-element-040431c elementor-invisible elementor-widget elementor-widget-image\" data-id=\"040431c\" data-element_type=\"widget\" data-settings=\"{&quot;_animation&quot;:&quot;fadeIn&quot;,&quot;_animation_delay&quot;:200}\" data-widget_type=\"image.default\">\n\t\t\t\t\t\t\t\t\t\t\t\t\t\t\t<img fetchpriority=\"high\" decoding=\"async\" width=\"612\" height=\"408\" src=\"https:\/\/www.omtds.mu\/wp-content\/uploads\/2025\/05\/istockphoto-916184718-612x612-voip.jpg\" class=\"attachment-large size-large wp-image-5088\" alt=\"\" \/>\t\t\t\t\t\t\t\t\t\t\t\t\t\t\t<\/div>\n\t\t\t\t<div class=\"elementor-element elementor-element-8670382 elementor-widget__width-initial elementor-absolute elementor-widget-tablet__width-initial elementor-widget-mobile_extra__width-initial elementor-widget-mobile__width-initial elementor-invisible elementor-widget elementor-widget-image\" data-id=\"8670382\" data-element_type=\"widget\" data-settings=\"{&quot;_position&quot;:&quot;absolute&quot;,&quot;_animation&quot;:&quot;fadeInUp&quot;,&quot;_animation_delay&quot;:200}\" data-widget_type=\"image.default\">\n\t\t\t\t\t\t\t\t\t\t\t\t\t\t\t<img decoding=\"async\" width=\"292\" height=\"290\" src=\"https:\/\/www.omtds.mu\/wp-content\/uploads\/2024\/07\/Shape-3.svg\" class=\"attachment-full size-full wp-image-510\" alt=\"\" \/>\t\t\t\t\t\t\t\t\t\t\t\t\t\t\t<\/div>\n\t\t\t\t<\/div>\n\t\t<div class=\"elementor-element elementor-element-a735f44 e-con-full e-flex e-con e-child\" data-id=\"a735f44\" data-element_type=\"container\" data-settings=\"{&quot;jet_parallax_layout_list&quot;:[]}\">\n\t\t\t\t<div class=\"elementor-element elementor-element-7e7af8b elementor-hidden-mobile elementor-hidden-mobile_extra elementor-invisible elementor-widget elementor-widget-image\" data-id=\"7e7af8b\" data-element_type=\"widget\" data-settings=\"{&quot;_animation&quot;:&quot;fadeInDown&quot;}\" data-widget_type=\"image.default\">\n\t\t\t\t\t\t\t\t\t\t\t\t\t\t\t<img decoding=\"async\" width=\"64\" height=\"16\" src=\"https:\/\/www.omtds.mu\/wp-content\/uploads\/2024\/07\/Divider.svg\" class=\"attachment-full size-full wp-image-516\" alt=\"\" \/>\t\t\t\t\t\t\t\t\t\t\t\t\t\t\t<\/div>\n\t\t\t\t<div class=\"elementor-element elementor-element-9c74f48 elementor-widget-mobile__width-inherit elementor-hidden-mobile elementor-hidden-mobile_extra elementor-widget__width-initial elementor-invisible elementor-widget elementor-widget-heading\" data-id=\"9c74f48\" data-element_type=\"widget\" data-settings=\"{&quot;_animation&quot;:&quot;fadeIn&quot;,&quot;_animation_delay&quot;:200}\" data-widget_type=\"heading.default\">\n\t\t\t\t\t<h2 class=\"elementor-heading-title elementor-size-default\">Optimisez vos \u00e9changes<\/h2>\t\t\t\t<\/div>\n\t\t\t\t<div class=\"elementor-element elementor-element-e9c9161 elementor-invisible elementor-widget elementor-widget-text-editor\" data-id=\"e9c9161\" data-element_type=\"widget\" data-settings=\"{&quot;_animation&quot;:&quot;fadeIn&quot;,&quot;_animation_delay&quot;:200}\" data-widget_type=\"text-editor.default\">\n\t\t\t\t\t\t\t\t\t<p>Une communication efficace est essentielle au succ\u00e8s de toute entreprise. Nos solutions VOIP (Voix sur IP) sont sp\u00e9cialement con\u00e7ues pour optimiser les \u00e9changes et la collaboration au sein de votre organisation. Gr\u00e2ce \u00e0 des technologies de pointe, nous garantissons des communications fluides, fiables et s\u00e9curis\u00e9es, adapt\u00e9es aux exigences des entreprises modernes.<\/p><p>D\u00e9couvrez comment nos solutions VOIP peuvent renforcer la connectivit\u00e9 de votre entreprise et vous aider \u00e0 maintenir un avantage concurrentiel dans un environnement en constante \u00e9volution.<\/p>\t\t\t\t\t\t\t\t<\/div>\n\t\t\t\t<\/div>\n\t\t\t\t\t<\/div>\n\t\t\t\t<\/div>\n\t\t<div class=\"elementor-element elementor-element-6affdf2 e-flex e-con-boxed e-con e-parent\" data-id=\"6affdf2\" data-element_type=\"container\" data-settings=\"{&quot;jet_parallax_layout_list&quot;:[]}\">\n\t\t\t\t\t<div class=\"e-con-inner\">\n\t\t\t\t<div class=\"elementor-element elementor-element-e107a90 elementor-invisible elementor-widget elementor-widget-image\" data-id=\"e107a90\" data-element_type=\"widget\" data-settings=\"{&quot;_animation&quot;:&quot;fadeInDown&quot;}\" data-widget_type=\"image.default\">\n\t\t\t\t\t\t\t\t\t\t\t\t\t\t\t<img decoding=\"async\" width=\"64\" height=\"16\" src=\"https:\/\/www.omtds.mu\/wp-content\/uploads\/2024\/07\/Divider.svg\" class=\"attachment-full size-full wp-image-516\" alt=\"\" \/>\t\t\t\t\t\t\t\t\t\t\t\t\t\t\t<\/div>\n\t\t\t\t<div class=\"elementor-element elementor-element-0848d30 elementor-invisible elementor-widget elementor-widget-heading\" data-id=\"0848d30\" data-element_type=\"widget\" data-settings=\"{&quot;_animation&quot;:&quot;fadeIn&quot;,&quot;_animation_delay&quot;:200}\" data-widget_type=\"heading.default\">\n\t\t\t\t\t<h2 class=\"elementor-heading-title elementor-size-default\">NOS Services<\/h2>\t\t\t\t<\/div>\n\t\t<div class=\"elementor-element elementor-element-6d752d0 e-con-full swe-service-box-design swe-full-width-mobile-btn e-flex e-con e-child\" data-id=\"6d752d0\" data-element_type=\"container\" data-settings=\"{&quot;jet_parallax_layout_list&quot;:[]}\">\n\t\t\t\t<div class=\"elementor-element elementor-element-e127212 elementor-widget__width-initial elementor-widget-mobile_extra__width-inherit elementor-cta--skin-classic elementor-animated-content elementor-bg-transform elementor-bg-transform-zoom-in elementor-invisible elementor-widget elementor-widget-call-to-action\" data-id=\"e127212\" data-element_type=\"widget\" data-settings=\"{&quot;_animation&quot;:&quot;fadeIn&quot;,&quot;_animation_delay&quot;:100}\" data-widget_type=\"call-to-action.default\">\n\t\t\t\t\t\t\t<div class=\"elementor-cta\">\n\t\t\t\t\t<div class=\"elementor-cta__bg-wrapper\">\n\t\t\t\t<div class=\"elementor-cta__bg elementor-bg\" style=\"background-image: url(https:\/\/www.omtds.mu\/wp-content\/uploads\/2024\/12\/3CXplatinium-T.webp);\" role=\"img\" aria-label=\"3CXplatinium-T\"><\/div>\n\t\t\t\t<div class=\"elementor-cta__bg-overlay\"><\/div>\n\t\t\t<\/div>\n\t\t\t\t\t\t\t<div class=\"elementor-cta__content\">\n\t\t\t\t\t\t\t\t\t<div class=\"elementor-content-item elementor-cta__content-item elementor-icon-wrapper elementor-cta__icon elementor-view-stacked elementor-shape-square\">\n\t\t\t\t\t\t<div class=\"elementor-icon\">\n\t\t\t\t\t\t\t<svg xmlns=\"http:\/\/www.w3.org\/2000\/svg\" width=\"40\" height=\"40\" viewBox=\"0 0 40 40\" fill=\"none\"><g clip-path=\"url(#clip0_138_4581)\"><path d=\"M25.6484 6.19271V13.7239\" stroke=\"white\" stroke-width=\"2\" stroke-miterlimit=\"10\" stroke-linecap=\"round\" stroke-linejoin=\"round\"><\/path><path d=\"M16.8619 8.38947C16.8619 7.17627 17.8453 6.19283 19.0585 6.19283C20.2717 6.19283 21.2551 7.17627 21.2551 8.38947V11.5274C21.2551 12.7405 20.2717 13.7241 19.0585 13.7241C17.8453 13.7241 16.8619 12.7405 16.8619 11.5274V8.38947Z\" stroke=\"white\" stroke-width=\"2\" stroke-miterlimit=\"10\" stroke-linecap=\"round\" stroke-linejoin=\"round\"><\/path><path d=\"M30.0415 13.7241V6.19283H31.9244C33.3108 6.19283 34.4347 7.31674 34.4347 8.70322C34.4347 10.0896 33.3108 11.2136 31.9244 11.2136H30.0415\" stroke=\"white\" stroke-width=\"2\" stroke-miterlimit=\"10\" stroke-linecap=\"round\" stroke-linejoin=\"round\"><\/path><path d=\"M1.17188 17.4896V17.4909C1.17188 20.293 1.7238 23.0676 2.79612 25.6563C3.86844 28.2451 5.44016 30.5973 7.42154 32.5786C9.40286 34.5599 11.755 36.1316 14.3438 37.2039C16.9325 38.2762 19.7071 38.8281 22.5091 38.8281H22.5103L25.0208 32.5521L18.1171 29.4141L16.2343 31.2968H16.2331C14.236 31.2968 12.3207 30.5035 10.9085 29.0914C9.49639 27.6793 8.70309 25.764 8.7031 23.7669V23.7657L10.5859 21.8828L7.44787 14.9792L1.17188 17.4896Z\" stroke=\"white\" stroke-width=\"2\" stroke-miterlimit=\"10\" stroke-linecap=\"round\" stroke-linejoin=\"round\"><\/path><path d=\"M8.70309 6.19283L10.8997 13.7241L13.0963 6.19283\" stroke=\"white\" stroke-width=\"2\" stroke-miterlimit=\"10\" stroke-linecap=\"round\" stroke-linejoin=\"round\"><\/path><path d=\"M9.15935 18.7449H36.3175C36.6472 18.7449 36.9736 18.68 37.2782 18.5538C37.5827 18.4277 37.8594 18.2428 38.0925 18.0096C38.3257 17.7766 38.5107 17.4999 38.637 17.1953C38.7632 16.8907 38.8281 16.5642 38.828 16.2345V3.68248C38.8281 3.35278 38.7632 3.0263 38.637 2.72171C38.5108 2.41713 38.3257 2.14041 38.0925 1.90741C37.8594 1.67424 37.5827 1.48928 37.2782 1.3631C36.9736 1.23692 36.6472 1.17199 36.3175 1.17202H6.82029C6.49064 1.17199 6.16421 1.23692 5.85966 1.3631C5.55511 1.48929 5.27841 1.67424 5.04537 1.90741C4.81213 2.14043 4.62711 2.41714 4.5009 2.72172C4.37469 3.02631 4.30976 3.35278 4.30983 3.68248V16.2345\" stroke=\"white\" stroke-width=\"2\" stroke-miterlimit=\"10\" stroke-linecap=\"round\" stroke-linejoin=\"round\"><\/path><\/g><defs><clipPath id=\"clip0_138_4581\"><rect width=\"40\" height=\"40\" fill=\"white\"><\/rect><\/clipPath><\/defs><\/svg>\t\t\t\t\t\t<\/div>\n\t\t\t\t\t<\/div>\n\t\t\t\t\n\t\t\t\t\t\t\t\t\t<h3 class=\"elementor-cta__title elementor-cta__content-item elementor-content-item\">\n\t\t\t\t\t\tPartenaire Platine 3CX\t\t\t\t\t<\/h3>\n\t\t\t\t\n\t\t\t\t\t\t\t\t\t<div class=\"elementor-cta__description elementor-cta__content-item elementor-content-item\">\n\t\t\t\t\t\tNous proposons une solution VOIP de pointe con\u00e7ue pour r\u00e9volutionner vos communications d'entreprise.\t\t\t\t\t<\/div>\n\t\t\t\t\n\t\t\t\t\t\t\t\t\t<div class=\"elementor-cta__button-wrapper elementor-cta__content-item elementor-content-item \">\n\t\t\t\t\t<a class=\"elementor-cta__button elementor-button elementor-size-\" href=\"http:\/\/www.omtds.mu\/fr\/services\/voip\/partenaire-platine-3cx\/\">\n\t\t\t\t\t\tEn savoir plus\t\t\t\t\t<\/a>\n\t\t\t\t\t<\/div>\n\t\t\t\t\t\t\t<\/div>\n\t\t\t\t\t\t<\/div>\n\t\t\t\t\t\t<\/div>\n\t\t\t\t<\/div>\n\t\t\t\t\t<\/div>\n\t\t\t\t<\/div>\n\t\t\t\t<\/div>\n\t\t","protected":false},"excerpt":{"rendered":"<p>Solutions VOIP Optimisez vos \u00e9changes Une communication efficace est essentielle au succ\u00e8s de toute entreprise. Nos solutions VOIP (Voix sur IP) sont sp\u00e9cialement con\u00e7ues pour optimiser les \u00e9changes et la collaboration au sein de votre organisation. Gr\u00e2ce \u00e0 des technologies de pointe, nous garantissons des communications fluides, fiables et s\u00e9curis\u00e9es, adapt\u00e9es aux exigences des entreprises [&hellip;]<\/p>\n","protected":false},"author":10,"featured_media":0,"parent":3393,"menu_order":0,"comment_status":"closed","ping_status":"closed","template":"elementor_header_footer","meta":{"_seopress_robots_primary_cat":"","_seopress_titles_title":"","_seopress_titles_desc":"","_seopress_robots_index":"","footnotes":""},"class_list":["post-3374","page","type-page","status-publish"],"_links":{"self":[{"href":"https:\/\/www.omtds.mu\/fr\/wp-json\/wp\/v2\/pages\/3374","targetHints":{"allow":["GET"]}}],"collection":[{"href":"https:\/\/www.omtds.mu\/fr\/wp-json\/wp\/v2\/pages"}],"about":[{"href":"https:\/\/www.omtds.mu\/fr\/wp-json\/wp\/v2\/types\/page"}],"author":[{"embeddable":true,"href":"https:\/\/www.omtds.mu\/fr\/wp-json\/wp\/v2\/users\/10"}],"replies":[{"embeddable":true,"href":"https:\/\/www.omtds.mu\/fr\/wp-json\/wp\/v2\/comments?post=3374"}],"version-history":[{"count":40,"href":"https:\/\/www.omtds.mu\/fr\/wp-json\/wp\/v2\/pages\/3374\/revisions"}],"predecessor-version":[{"id":5482,"href":"https:\/\/www.omtds.mu\/fr\/wp-json\/wp\/v2\/pages\/3374\/revisions\/5482"}],"up":[{"embeddable":true,"href":"https:\/\/www.omtds.mu\/fr\/wp-json\/wp\/v2\/pages\/3393"}],"wp:attachment":[{"href":"https:\/\/www.omtds.mu\/fr\/wp-json\/wp\/v2\/media?parent=3374"}],"curies":[{"name":"wp","href":"https:\/\/api.w.org\/{rel}","templated":true}]}}