{"id":3364,"date":"2024-12-03T16:57:17","date_gmt":"2024-12-03T12:57:17","guid":{"rendered":"https:\/\/www.omtds.mu\/global-connectivity-solutions\/"},"modified":"2025-05-14T13:04:29","modified_gmt":"2025-05-14T09:04:29","slug":"solutions-de-connectivite-globale","status":"publish","type":"page","link":"https:\/\/www.omtds.mu\/fr\/services\/solutions-de-connectivite-globale\/","title":{"rendered":"Solutions de Connectivit\u00e9 Globale"},"content":{"rendered":"\t\t<div data-elementor-type=\"wp-page\" data-elementor-id=\"3364\" class=\"elementor elementor-3364 elementor-2614\" data-elementor-post-type=\"page\">\n\t\t\t\t<div class=\"elementor-element elementor-element-6728307 e-flex e-con-boxed e-con e-parent\" data-id=\"6728307\" data-element_type=\"container\" data-settings=\"{&quot;jet_parallax_layout_list&quot;:[],&quot;background_background&quot;:&quot;classic&quot;}\">\n\t\t\t\t\t<div class=\"e-con-inner\">\n\t\t<div class=\"elementor-element elementor-element-33e1c3f e-con-full e-flex e-con e-child\" data-id=\"33e1c3f\" data-element_type=\"container\" data-settings=\"{&quot;jet_parallax_layout_list&quot;:[]}\">\n\t\t\t\t<div class=\"elementor-element elementor-element-6c00547 elementor-vertical-align-middle elementor-vertical-align-middle swe-hero-icon-title elementor-invisible elementor-widget elementor-widget-icon-box\" data-id=\"6c00547\" data-element_type=\"widget\" data-settings=\"{&quot;_animation&quot;:&quot;fadeInUp&quot;}\" data-widget_type=\"icon-box.default\">\n\t\t\t\t\t\t\t<div class=\"elementor-icon-box-wrapper\">\n\n\t\t\t\n\t\t\t\t\t\t<div class=\"elementor-icon-box-content\">\n\n\t\t\t\t\t\t\t\t\t<h1 class=\"elementor-icon-box-title\">\n\t\t\t\t\t\t<span  >\n\t\t\t\t\t\t\tSolutions de Connectivit\u00e9 Mondiale\t\t\t\t\t\t<\/span>\n\t\t\t\t\t<\/h1>\n\t\t\t\t\n\t\t\t\t\n\t\t\t<\/div>\n\t\t\t\n\t\t<\/div>\n\t\t\t\t\t\t<\/div>\n\t\t\t\t<\/div>\n\t\t\t\t\t<\/div>\n\t\t\t\t<\/div>\n\t\t<div class=\"elementor-element elementor-element-cec399c e-flex e-con-boxed e-con e-parent\" data-id=\"cec399c\" data-element_type=\"container\" data-settings=\"{&quot;jet_parallax_layout_list&quot;:[]}\">\n\t\t\t\t\t<div class=\"e-con-inner\">\n\t\t<div class=\"elementor-element elementor-element-92e69cd e-con-full e-flex e-con e-child\" data-id=\"92e69cd\" data-element_type=\"container\" data-settings=\"{&quot;jet_parallax_layout_list&quot;:[]}\">\n\t\t\t\t<div class=\"elementor-element elementor-element-040431c elementor-invisible elementor-widget elementor-widget-image\" data-id=\"040431c\" data-element_type=\"widget\" data-settings=\"{&quot;_animation&quot;:&quot;fadeIn&quot;,&quot;_animation_delay&quot;:200}\" data-widget_type=\"image.default\">\n\t\t\t\t\t\t\t\t\t\t\t\t\t\t\t<img fetchpriority=\"high\" decoding=\"async\" width=\"612\" height=\"344\" src=\"https:\/\/www.omtds.mu\/wp-content\/uploads\/2025\/04\/istockphoto-1332002332-612x612-1.jpg\" class=\"attachment-large size-large wp-image-4923\" alt=\"\" \/>\t\t\t\t\t\t\t\t\t\t\t\t\t\t\t<\/div>\n\t\t\t\t<div class=\"elementor-element elementor-element-8670382 elementor-widget__width-initial elementor-absolute elementor-widget-tablet__width-initial elementor-widget-mobile_extra__width-initial elementor-widget-mobile__width-initial elementor-invisible elementor-widget elementor-widget-image\" data-id=\"8670382\" data-element_type=\"widget\" data-settings=\"{&quot;_position&quot;:&quot;absolute&quot;,&quot;_animation&quot;:&quot;fadeInUp&quot;,&quot;_animation_delay&quot;:200}\" data-widget_type=\"image.default\">\n\t\t\t\t\t\t\t\t\t\t\t\t\t\t\t<img decoding=\"async\" width=\"292\" height=\"290\" src=\"https:\/\/www.omtds.mu\/wp-content\/uploads\/2024\/07\/Shape-3.svg\" class=\"attachment-full size-full wp-image-510\" alt=\"\" \/>\t\t\t\t\t\t\t\t\t\t\t\t\t\t\t<\/div>\n\t\t\t\t<\/div>\n\t\t<div class=\"elementor-element elementor-element-a735f44 e-con-full e-flex e-con e-child\" data-id=\"a735f44\" data-element_type=\"container\" data-settings=\"{&quot;jet_parallax_layout_list&quot;:[]}\">\n\t\t\t\t<div class=\"elementor-element elementor-element-7e7af8b elementor-hidden-mobile elementor-hidden-mobile_extra elementor-invisible elementor-widget elementor-widget-image\" data-id=\"7e7af8b\" data-element_type=\"widget\" data-settings=\"{&quot;_animation&quot;:&quot;fadeInDown&quot;}\" data-widget_type=\"image.default\">\n\t\t\t\t\t\t\t\t\t\t\t\t\t\t\t<img decoding=\"async\" width=\"64\" height=\"16\" src=\"https:\/\/www.omtds.mu\/wp-content\/uploads\/2024\/07\/Divider.svg\" class=\"attachment-full size-full wp-image-516\" alt=\"\" \/>\t\t\t\t\t\t\t\t\t\t\t\t\t\t\t<\/div>\n\t\t\t\t<div class=\"elementor-element elementor-element-e9c9161 elementor-widget elementor-widget-text-editor\" data-id=\"e9c9161\" data-element_type=\"widget\" data-widget_type=\"text-editor.default\">\n\t\t\t\t\t\t\t\t\t<p>Dans un monde de plus en plus connect\u00e9, les entreprises ont besoin d\u2019une connectivit\u00e9 fiable et sans interruption pour assurer le bon d\u00e9roulement de leurs op\u00e9rations et rester comp\u00e9titives. Nos Solutions de Connectivit\u00e9 Mondiale sont con\u00e7ues pour r\u00e9pondre \u00e0 ces besoins, en offrant des options de connectivit\u00e9 s\u00e9curis\u00e9es et performantes qui permettent aux organisations de rester connect\u00e9es, de collaborer efficacement et d\u2019atteindre leurs objectifs, peu importe o\u00f9 elles se trouvent dans le monde.<\/p><p>Notre offre compl\u00e8te de services de connectivit\u00e9 garantit que votre entreprise puisse fonctionner de mani\u00e8re optimale, o\u00f9 qu\u2019elle soit. Que vous ayez besoin d\u2019une connexion Internet haut d\u00e9bit, de r\u00e9seaux priv\u00e9s virtuels s\u00e9curis\u00e9s, de liaisons internationales d\u00e9di\u00e9es ou de services Internet premium, nous avons les solutions pour vous permettre de rester connect\u00e9 et d\u2019\u00eatre toujours \u00e0 la pointe de l&rsquo;innovation.<\/p>\t\t\t\t\t\t\t\t<\/div>\n\t\t\t\t<\/div>\n\t\t\t\t\t<\/div>\n\t\t\t\t<\/div>\n\t\t<div class=\"elementor-element elementor-element-2d4acc6 e-flex e-con-boxed e-con e-parent\" data-id=\"2d4acc6\" data-element_type=\"container\" data-settings=\"{&quot;jet_parallax_layout_list&quot;:[]}\">\n\t\t\t\t\t<div class=\"e-con-inner\">\n\t\t\t\t<div class=\"elementor-element elementor-element-ffc9dfd elementor-invisible elementor-widget elementor-widget-image\" data-id=\"ffc9dfd\" data-element_type=\"widget\" data-settings=\"{&quot;_animation&quot;:&quot;fadeInDown&quot;}\" data-widget_type=\"image.default\">\n\t\t\t\t\t\t\t\t\t\t\t\t\t\t\t<img decoding=\"async\" width=\"64\" height=\"16\" src=\"https:\/\/www.omtds.mu\/wp-content\/uploads\/2024\/07\/Divider.svg\" class=\"attachment-full size-full wp-image-516\" alt=\"\" \/>\t\t\t\t\t\t\t\t\t\t\t\t\t\t\t<\/div>\n\t\t\t\t<div class=\"elementor-element elementor-element-4cfc8b3 elementor-invisible elementor-widget elementor-widget-heading\" data-id=\"4cfc8b3\" data-element_type=\"widget\" data-settings=\"{&quot;_animation&quot;:&quot;fadeIn&quot;,&quot;_animation_delay&quot;:200}\" data-widget_type=\"heading.default\">\n\t\t\t\t\t<h2 class=\"elementor-heading-title elementor-size-default\">NOS Services<\/h2>\t\t\t\t<\/div>\n\t\t<div class=\"elementor-element elementor-element-7674ed8 e-con-full swe-service-box-design swe-full-width-mobile-btn e-flex e-con e-child\" data-id=\"7674ed8\" data-element_type=\"container\" data-settings=\"{&quot;jet_parallax_layout_list&quot;:[]}\">\n\t\t\t\t<div class=\"elementor-element elementor-element-66dd8cb elementor-widget__width-initial elementor-widget-mobile_extra__width-inherit elementor-cta--skin-classic elementor-animated-content elementor-bg-transform elementor-bg-transform-zoom-in elementor-invisible elementor-widget elementor-widget-call-to-action\" data-id=\"66dd8cb\" data-element_type=\"widget\" data-settings=\"{&quot;_animation&quot;:&quot;fadeIn&quot;,&quot;_animation_delay&quot;:100}\" data-widget_type=\"call-to-action.default\">\n\t\t\t\t\t\t\t<div class=\"elementor-cta\">\n\t\t\t\t\t<div class=\"elementor-cta__bg-wrapper\">\n\t\t\t\t<div class=\"elementor-cta__bg elementor-bg\" style=\"background-image: url(https:\/\/www.omtds.mu\/wp-content\/uploads\/2025\/02\/istockphoto-1346229964-612x612-1.jpg);\" role=\"img\" aria-label=\"Cyber security expert working on network and data protection on laptop computer against digital crime. Privacy technology on internet.\"><\/div>\n\t\t\t\t<div class=\"elementor-cta__bg-overlay\"><\/div>\n\t\t\t<\/div>\n\t\t\t\t\t\t\t<div class=\"elementor-cta__content\">\n\t\t\t\t\t\t\t\t\t<div class=\"elementor-content-item elementor-cta__content-item elementor-icon-wrapper elementor-cta__icon elementor-view-stacked elementor-shape-square\">\n\t\t\t\t\t\t<div class=\"elementor-icon\">\n\t\t\t\t\t\t\t<svg xmlns=\"http:\/\/www.w3.org\/2000\/svg\" id=\"Calque_12\" viewBox=\"0 0 200 200\"><defs><style>      .st0 {        fill: currentColor;      }    <\/style><\/defs><path d=\"M139.5,6.4c-2.6,0-4.9,2.2-4.9,5.5v16.4h-25c-13.7,0-26.6,7-35,19-7.2-5.2-15.7-8-24.3-8h-20.1c-8.2,0-14.8,7.4-14.8,16.5s6.6,16.4,14.8,16.4h20.1c8.2,0,14.8,7.4,14.8,16.5v22.7c0,9.1-6.6,16.4-14.8,16.4h-20.1c-8.2,0-14.8,7.4-14.8,16.5s6.6,16.4,14.8,16.4h20.1c8.6,0,17.1-2.8,24.3-8,8.4,12,21.4,19,35,19h25v16.5c0,3.2,2.4,5.5,5,5.5s2-.3,2.9-1.1l39.5-32.9c2.6-2.2,2.6-6.6,0-8.8l-39.5-32.9c-.9-.8-2-1.1-3-1.1-2.6,0-4.9,2.2-4.9,5.5v16.4h-25c-8.2,0-14.8-7.4-14.8-16.4v-44.6c0-9.1,6.6-16.5,14.8-16.5h25v16.5c0,2.1,1.1,3.9,2.7,4.9.7.4,1.5.6,2.2.6s2.1-.4,3-1.1l39.5-32.9c2.6-2.2,2.6-6.6,0-8.8L142.5,7.5c-.9-.8-2-1.1-3-1.1ZM50.2,50.3c19.1,0,34.6,17.2,34.6,38.4v33.6c0,15.1,11,27.4,24.7,27.4h30c2.7,0,4.9-2.5,4.9-5.5v-11l26.4,21.9-26.4,21.9v-11c0-3-2.2-5.5-4.9-5.5h-30c-19.1,0-34.6-17.2-34.6-38.4v-33.6c0-15.2-11.1-27.4-24.7-27.4h-20.1c-2.7,0-4.9-2.5-4.9-5.5s2.2-5.5,4.9-5.5h20.1ZM66,132.5c.7,3.7,1.8,7.4,3.3,10.9-5.6,4.2-12.3,6.4-19.1,6.4h-20.1c-2.7,0-4.9-2.5-4.9-5.5s2.2-5.5,4.9-5.5h20.1c5.8,0,11.3-2.2,15.8-6.3ZM144.5,22.9l26.4,21.9-26.4,21.9v-11c0-3-2.2-5.5-4.9-5.5h-30c-8.6,0-16.6,5-21.1,13.2-1.8-3.3-3.9-6.4-6.3-9.1,6.6-9.4,16.7-15,27.4-15h30c2.7,0,4.9-2.5,4.9-5.5v-11Z\"><\/path><\/svg>\t\t\t\t\t\t<\/div>\n\t\t\t\t\t<\/div>\n\t\t\t\t\n\t\t\t\t\t\t\t\t\t<h3 class=\"elementor-cta__title elementor-cta__content-item elementor-content-item\">\n\t\t\t\t\t\tVPN Entreprise\t\t\t\t\t<\/h3>\n\t\t\t\t\n\t\t\t\t\t\t\t\t\t<div class=\"elementor-cta__description elementor-cta__content-item elementor-content-item\">\n\t\t\t\t\t\tNous offrons des options de connectivit\u00e9 flexibles adapt\u00e9es aux besoins de votre entreprise multi-sites.\t\t\t\t\t<\/div>\n\t\t\t\t\n\t\t\t\t\t\t\t\t\t<div class=\"elementor-cta__button-wrapper elementor-cta__content-item elementor-content-item \">\n\t\t\t\t\t<a class=\"elementor-cta__button elementor-button elementor-size-\" href=\"http:\/\/www.omtds.mu\/fr\/services\/solutions-de-connectivite-globale\/vpn-dentreprise\/\">\n\t\t\t\t\t\tEn savoir plus\t\t\t\t\t<\/a>\n\t\t\t\t\t<\/div>\n\t\t\t\t\t\t\t<\/div>\n\t\t\t\t\t\t<\/div>\n\t\t\t\t\t\t<\/div>\n\t\t\t\t<div class=\"elementor-element elementor-element-587bd09 elementor-widget__width-initial elementor-widget-mobile_extra__width-inherit elementor-cta--skin-classic elementor-animated-content elementor-bg-transform elementor-bg-transform-zoom-in elementor-invisible elementor-widget elementor-widget-call-to-action\" data-id=\"587bd09\" data-element_type=\"widget\" data-settings=\"{&quot;_animation&quot;:&quot;fadeIn&quot;,&quot;_animation_delay&quot;:100}\" data-widget_type=\"call-to-action.default\">\n\t\t\t\t\t\t\t<div class=\"elementor-cta\">\n\t\t\t\t\t<div class=\"elementor-cta__bg-wrapper\">\n\t\t\t\t<div class=\"elementor-cta__bg elementor-bg\" style=\"background-image: url(https:\/\/www.omtds.mu\/wp-content\/uploads\/2024\/12\/IPTransit-T.webp);\" role=\"img\" aria-label=\"IPTransit-T\"><\/div>\n\t\t\t\t<div class=\"elementor-cta__bg-overlay\"><\/div>\n\t\t\t<\/div>\n\t\t\t\t\t\t\t<div class=\"elementor-cta__content\">\n\t\t\t\t\t\t\t\t\t<div class=\"elementor-content-item elementor-cta__content-item elementor-icon-wrapper elementor-cta__icon elementor-view-stacked elementor-shape-square\">\n\t\t\t\t\t\t<div class=\"elementor-icon\">\n\t\t\t\t\t\t\t<svg xmlns=\"http:\/\/www.w3.org\/2000\/svg\" id=\"Calque_8\" viewBox=\"0 0 200 200\"><defs><style>      .st0 {        fill: currentColor      }    <\/style><\/defs><path class=\"st0\" d=\"M122,117c-1.4,0-2.9.5-3.9,1.5-1.5,1.5-1.5,5.4,0,6.9l6.9,6.9-6.9,6.9c-1.5,2-1.5,5.4,0,7.4,1,1,2.5,1.5,3.9,1.5s2.8-.5,3.5-1.5l6.9-6.9,6.9,6.9c1,1,2.3,1.5,3.7,1.5s2.7-.5,3.7-1.5c2-2,2-5.4,0-7.4l-6.9-6.9,6.9-6.9c2-1.5,2-5.4,0-6.9-1-1-2.3-1.5-3.7-1.5s-2.7.5-3.7,1.5l-6.9,6.4-6.9-6.4c-.7-1-2.1-1.5-3.5-1.5Z\"><\/path><path class=\"st0\" d=\"M46.4,52.4c-1.4,0-2.8.4-3.5,1.1-2,2-2,5.9,0,7.4l6.4,6.9-6.4,6.9c-2,2-2,5.4,0,7.4.7,1,2.1,1.5,3.5,1.5s2.9-.5,3.9-1.5l6.4-6.9,6.9,6.9c1,1,2.3,1.5,3.7,1.5s2.7-.5,3.7-1.5c2-2,2-5.9,0-7.4l-6.9-6.9,6.9-6.9c2-1.5,2-5.4,0-7.4-.7-.7-2.1-1.1-3.5-1.1s-2.9.4-3.9,1.1l-6.9,6.9-6.4-6.9c-1-.7-2.5-1.1-3.9-1.1Z\"><\/path><path class=\"st0\" d=\"M99.4,8.7C48.8,8.7,8.4,49.6,8.4,99.8s9.3,47.2,26.6,64.5c16.7,17.2,39.9,27.1,64.5,27.1s23.6-2.5,35.4-7.4c11.3-4.9,21.2-10.8,29-19.7,8.4-8.4,14.8-18.2,19.7-28.6,4.9-11.3,7.4-23.6,7.4-35.9s-.5-14.8-2.5-21.7c1-3,2.5-6.4,2.5-10.3,0-10.3-7.4-19.2-17.2-20.7-17.2-23.6-44.8-38.4-74.3-38.4ZM99.4,20c23.6,0,46.8,10.3,62,28.1-7.4,3-12.8,11.3-12.8,19.7,0-1-1-2.5-1.5-3.5l-.5-1-10.3-10.3c-1-1-2.5-1.5-3.9-1.5s-2.8.5-3.5,1.5c-2,2-2,5.4,0,7.4l1.5,2c-14.8.5-28.5,6.9-39.9,17.7-10.3,10.3-15.7,23.6-17.2,37.4-9.3,2.5-15.7,10.8-15.7,21.2s9.8,21.7,21.2,21.7,21.7-9.8,21.7-21.7-6.9-18.7-15.7-21.2c2.5-23.1,22.2-42.8,45.8-44.3l-1,1.5c-2,2-2,5.4,0,7.4,1,1,2.3,1.5,3.7,1.5s2.7-.5,3.7-1.5l10.3-10.3c1.5-1.5,2-2.5,2-3.9,0,11.8,9.8,21.7,21.7,21.7s6.4-.5,9.9-2.5c.5,4.4,1,8.4,1,12.8-1,44.8-37.4,81.2-82.2,81.2S19.2,144.6,19.2,99.8,55.2,20,99.4,20ZM77.8,127.3c6.4,0,10.3,4.9,10.3,10.3s-4.9,10.8-10.3,10.8-10.3-4.9-10.3-10.8,4.9-10.3,10.3-10.3ZM169.8,57.4c5.9,0,10.8,4.4,10.8,10.3s-4.9,10.3-10.8,10.3-10.3-4.9-10.3-10.3,4.9-10.3,10.3-10.3Z\"><\/path><\/svg>\t\t\t\t\t\t<\/div>\n\t\t\t\t\t<\/div>\n\t\t\t\t\n\t\t\t\t\t\t\t\t\t<h3 class=\"elementor-cta__title elementor-cta__content-item elementor-content-item\">\n\t\t\t\t\t\tTransit Ip\t\t\t\t\t<\/h3>\n\t\t\t\t\n\t\t\t\t\t\t\t\t\t<div class=\"elementor-cta__description elementor-cta__content-item elementor-content-item\">\n\t\t\t\t\t\tCon\u00e7u pour les clients ayant besoin d\u2019une connectivit\u00e9 internet wholesale \u00e0 haute capacit\u00e9.\t\t\t\t\t<\/div>\n\t\t\t\t\n\t\t\t\t\t\t\t\t\t<div class=\"elementor-cta__button-wrapper elementor-cta__content-item elementor-content-item \">\n\t\t\t\t\t<a class=\"elementor-cta__button elementor-button elementor-size-\" href=\"http:\/\/www.omtds.mu\/fr\/services\/solutions-de-connectivite-globale\/transit-ip\/\">\n\t\t\t\t\t\tEn savoir plus\t\t\t\t\t<\/a>\n\t\t\t\t\t<\/div>\n\t\t\t\t\t\t\t<\/div>\n\t\t\t\t\t\t<\/div>\n\t\t\t\t\t\t<\/div>\n\t\t\t\t<div class=\"elementor-element elementor-element-5b63ecc elementor-widget__width-initial elementor-widget-mobile_extra__width-inherit elementor-cta--skin-classic elementor-animated-content elementor-bg-transform elementor-bg-transform-zoom-in elementor-invisible elementor-widget elementor-widget-call-to-action\" data-id=\"5b63ecc\" data-element_type=\"widget\" data-settings=\"{&quot;_animation&quot;:&quot;fadeIn&quot;,&quot;_animation_delay&quot;:100}\" data-widget_type=\"call-to-action.default\">\n\t\t\t\t\t\t\t<div class=\"elementor-cta\">\n\t\t\t\t\t<div class=\"elementor-cta__bg-wrapper\">\n\t\t\t\t<div class=\"elementor-cta__bg elementor-bg\" style=\"background-image: url(https:\/\/www.omtds.mu\/wp-content\/uploads\/2024\/12\/IPLC-Solutions-T.webp);\" role=\"img\" aria-label=\"IPLC Solutions-T\"><\/div>\n\t\t\t\t<div class=\"elementor-cta__bg-overlay\"><\/div>\n\t\t\t<\/div>\n\t\t\t\t\t\t\t<div class=\"elementor-cta__content\">\n\t\t\t\t\t\t\t\t\t<div class=\"elementor-content-item elementor-cta__content-item elementor-icon-wrapper elementor-cta__icon elementor-view-stacked elementor-shape-square\">\n\t\t\t\t\t\t<div class=\"elementor-icon\">\n\t\t\t\t\t\t\t<svg xmlns=\"http:\/\/www.w3.org\/2000\/svg\" id=\"Calque_2\" viewBox=\"0 0 200 200\"><defs><style>      .st0 {        fill: currentColor;      }    <\/style><\/defs><path class=\"st0\" d=\"M181.9,10.3c-.6,0-1.3.1-1.9.4l-48.9,22.9-59.6-23c0,0-.2,0-.2,0,0,0-.2,0-.3,0h-.3c0,0-.2,0-.3,0h-.6c-.1,0-.2,0-.3,0,0,0,0,0-.1,0s0,0-.1,0c0,0-.2,0-.3,0h-.3c-.1.1-.2.2-.3.2,0,0-.1,0-.2,0l-50.6,23.7c-1.9.9-3.2,3.1-3.2,5.5v142.3c0,3.4,2.4,5.9,5.1,5.9s1.3-.1,1.9-.4l48.9-22.9,59.6,23c.1,0,.3.1.4.2.4,0,.8.2,1.2.2h0c.5,0,1-.1,1.5-.3.1,0,.2,0,.3-.2l50.5-23.7c1.9-.9,3.2-3,3.2-5.5V16.2c0-2-.8-3.8-2.2-4.9-.9-.7-1.9-1-2.9-1ZM75.1,24.4l51.2,19.8v65.2h-.2c-2.7-.3-5.4-1-8-2.3-.6-.3-1.3-.5-1.9-.5-2,0-3.8,1.4-4.7,3.6-1.1,3,.1,6.5,2.7,7.8,3.5,1.7,7.3,2.8,11.1,3.2h.4c.2,0,.4,0,.6,0v52.9l-51.2-19.8v-73c1.4,0,2.8.2,4.2.5.3,0,.6.1,1,.1,2.6,0,4.8-2.3,5-5.4.3-3.1-1.5-5.8-4.1-6.4-2-.4-4-.7-6.1-.7V24.4ZM176.9,25v129.5l-40.4,19V44l40.4-19ZM65,25v129.5l-40.4,19V44l40.4-19Z\"><\/path><path class=\"st0\" d=\"M41.3,111.4c-2.1,0-4.1,1.6-4.8,4.1l-1.6,5.6c-.9,3.1.5,6.5,3.2,7.6.5.2,1.1.3,1.6.3,2.1,0,4.1-1.6,4.8-4.1l1.6-5.6c.9-3.1-.5-6.4-3.2-7.5-.5-.2-1.1-.3-1.6-.3Z\"><\/path><path class=\"st0\" d=\"M97,81.5c-1.1,0-2.3.5-3.2,1.4-2.1,2.1-2.4,5.7-.7,8.3,1.4,2,2.6,4.3,3.6,6.7.3.7.6,1.5.9,2.2.9,2,2.6,3.1,4.4,3.1s1.6-.2,2.4-.7c2.5-1.5,3.4-5.1,2.1-8-.2-.5-.5-1.1-.7-1.6-1.3-3.3-3-6.5-5-9.3-1-1.3-2.4-2-3.8-2Z\"><\/path><path class=\"st0\" d=\"M53.2,79.9c-1.4,0-2.8.6-3.8,1.9h0c-2.7,3.3-4.8,7-6.4,11.2-1.2,3,0,6.5,2.5,7.8.6.3,1.3.5,2,.5,2,0,3.8-1.4,4.6-3.5,1.1-2.9,2.6-5.6,4.5-7.9,2-2.4,2-6.2,0-8.5-1-1.1-2.2-1.6-3.5-1.6Z\"><\/path><path class=\"st0\" d=\"M151.8,96.2c-1.5,0-3,.8-4,2.3-1.6,2.5-3.7,4.7-6,6.4-4.3,3.2-2.3,10.9,2.7,10.9s1.9-.3,2.7-1c3.3-2.4,6.2-5.5,8.5-9.1,1.7-2.6,1.3-6.3-.9-8.3-.9-.8-2-1.3-3.1-1.3Z\"><\/path><path class=\"st0\" d=\"M161.7,69.6c-2,0-4,1.5-4.7,3.9l-1.8,5.5c-1,3.1.3,6.5,3,7.6.6.3,1.2.4,1.8.4,2,0,4-1.5,4.7-3.9l1.8-5.5c1-3.1-.3-6.5-3-7.6-.6-.3-1.2-.4-1.8-.4Z\"><\/path><\/svg>\t\t\t\t\t\t<\/div>\n\t\t\t\t\t<\/div>\n\t\t\t\t\n\t\t\t\t\t\t\t\t\t<h3 class=\"elementor-cta__title elementor-cta__content-item elementor-content-item\">\n\t\t\t\t\t\tSolutions IPLC \t\t\t\t\t<\/h3>\n\t\t\t\t\n\t\t\t\t\t\t\t\t\t<div class=\"elementor-cta__description elementor-cta__content-item elementor-content-item\">\n\t\t\t\t\t\tNous garantissons une communication et un transfert de donn\u00e9es fluides au-del\u00e0 des fronti\u00e8res.\t\t\t\t\t<\/div>\n\t\t\t\t\n\t\t\t\t\t\t\t\t\t<div class=\"elementor-cta__button-wrapper elementor-cta__content-item elementor-content-item \">\n\t\t\t\t\t<a class=\"elementor-cta__button elementor-button elementor-size-\" href=\"http:\/\/www.omtds.mu\/fr\/services\/solutions-de-connectivite-globale\/solutions-iplc\/\">\n\t\t\t\t\t\tEn savoir plus\t\t\t\t\t<\/a>\n\t\t\t\t\t<\/div>\n\t\t\t\t\t\t\t<\/div>\n\t\t\t\t\t\t<\/div>\n\t\t\t\t\t\t<\/div>\n\t\t\t\t<div class=\"elementor-element elementor-element-1648662 elementor-widget__width-initial elementor-widget-mobile_extra__width-inherit elementor-cta--skin-classic elementor-animated-content elementor-bg-transform elementor-bg-transform-zoom-in elementor-invisible elementor-widget elementor-widget-call-to-action\" data-id=\"1648662\" data-element_type=\"widget\" data-settings=\"{&quot;_animation&quot;:&quot;fadeIn&quot;,&quot;_animation_delay&quot;:100}\" data-widget_type=\"call-to-action.default\">\n\t\t\t\t\t\t\t<div class=\"elementor-cta\">\n\t\t\t\t\t<div class=\"elementor-cta__bg-wrapper\">\n\t\t\t\t<div class=\"elementor-cta__bg elementor-bg\" style=\"background-image: url(https:\/\/www.omtds.mu\/wp-content\/uploads\/2024\/12\/PremiumInternet-T.webp);\" role=\"img\" aria-label=\"PremiumInternet-T\"><\/div>\n\t\t\t\t<div class=\"elementor-cta__bg-overlay\"><\/div>\n\t\t\t<\/div>\n\t\t\t\t\t\t\t<div class=\"elementor-cta__content\">\n\t\t\t\t\t\t\t\t\t<div class=\"elementor-content-item elementor-cta__content-item elementor-icon-wrapper elementor-cta__icon elementor-view-stacked elementor-shape-square\">\n\t\t\t\t\t\t<div class=\"elementor-icon\">\n\t\t\t\t\t\t\t<svg xmlns=\"http:\/\/www.w3.org\/2000\/svg\" id=\"Calque_3\" viewBox=\"0 0 200 200\"><defs><style>      .st0 {        fill: currentColor      }    <\/style><\/defs><path class=\"st0\" d=\"M99.9,9.2c-24.3,0-47.1,9.6-64.3,27-17.1,17.2-26.6,40.4-26.6,64.7,0,50.2,40.7,90.9,91,90.9h.1c24.2,0,47.4-9.6,64.5-26.6,17.4-17.2,27-40.1,27-64.3s-2.4-24.3-7.3-35.5c-4.6-10.9-11.3-20.8-19.7-29.1-8.4-8.4-18.3-15.1-29.1-19.7-11.2-4.8-23.3-7.3-35.5-7.3ZM131.1,146.2c-1.8,5.5-4.2,10.9-7.1,16-5.6,9.7-12.1,15.9-18.8,18.1v-21.4c4.8-1.7,8.5-5.6,10-10.4,5.5-.5,10.8-1.2,15.9-2.2ZM69.2,146.3c5,.9,10.1,1.7,15.3,2.1,1.5,4.9,5.2,8.7,10,10.4v21.4c-7.3-2.5-14.5-9.9-20.1-21.2-2.1-4.1-3.8-8.4-5.2-12.8ZM176.1,127.9c-8.1,22.5-26.1,40.4-48.8,48.5,2.2-2.8,4.2-5.8,6-8.9,4-7,7.3-15.1,9.9-24.1,8.8-2.4,16.8-5.6,23.6-9.4,3.3-1.8,6.4-3.8,9.3-6.1ZM24.4,128.1c2.8,2.2,5.8,4.2,8.9,5.9,6.9,3.9,15,7.1,23.9,9.5,3.6,13.3,9,24.6,15.5,32.9-22.5-8.2-40.2-25.8-48.3-48.3ZM99.8,138.5c2.8,0,5.1,2.1,5.3,4.9v.3h0c0,3-2.4,5.3-5.3,5.3-2.9,0-5.3-2.4-5.4-5.3v-.3c.2-2.8,2.5-4.9,5.3-4.9ZM128.2,106.2c1.5,4.3,4.8,7.8,9.1,9.5-.6,6.3-1.6,12.6-3,18.8-6.5,1.5-13,2.5-19.6,3.1-1.7-4.3-5.2-7.6-9.5-9.1v-22.3h23ZM94.5,106.2v22.3c-4.3,1.5-7.8,4.8-9.5,9.1-6.4-.6-12.7-1.6-19-3-2.1-9.4-3.3-18.9-3.5-28.5h32ZM51.8,106.2c.2,8.5,1.1,16.9,2.6,25.3-17.9-5.9-30.6-15.1-33.9-25.3h31.3ZM179.9,106.3c-2.2,6.6-8.6,13-18.3,18.4-5,2.7-10.2,5-15.6,6.7.9-4.9,1.6-10,2.1-15.2h0c4.8-1.5,8.7-5.2,10.4-10h21.4ZM143.4,95.6c3,0,5.4,2.4,5.4,5.3s-2.4,5.4-5.4,5.4h0s-.3,0-.3,0c-2.9-.2-5.1-2.5-5.1-5.3s2.2-5.2,5-5.3h.4ZM145.9,69.9c4.3,1.5,8.4,3.2,12.5,5.2,11.5,5.8,19.1,13.1,21.6,20.5h-21.4c-1.7-4.8-5.6-8.5-10.4-10-.5-5.3-1.2-10.5-2.2-15.7ZM105.2,62.8c9.8.3,19.5,1.5,29,3.7,1.5,6.4,2.5,12.9,3.1,19.5-4.3,1.7-7.6,5.2-9.1,9.5h-23v-32.7ZM94.5,62.8v32.7h-32c.2-7.5.9-14.9,2.2-22.3h0c5.3-.7,9.9-4.1,12.2-8.9,5.8-.8,11.7-1.3,17.6-1.5ZM52.7,70.1c.5.4,1,.7,1.5,1-1.3,8.1-2.1,16.2-2.4,24.4h-31.3c3.2-9.9,15-19.4,32.2-25.4ZM127.1,24.6c22.8,8.2,40.8,26.2,49,49-4.1-3.2-8.4-5.9-13-8.2-6.4-3.2-13.2-5.8-20.1-7.7-2.5-8.8-5.8-16.9-9.7-23.8-1.8-3.2-3.9-6.3-6.2-9.3ZM72.6,24.7c-3.6,4.6-6.8,10.2-9.7,16.6h-.5c-10.3,0-17.9,9.5-15.7,19.6-8.8,3.3-16.4,7.5-22.3,12.3,8.1-22.5,25.8-40.2,48.2-48.5ZM62.4,52c4.8,0,7.2,5.8,3.8,9.1-1.1,1.1-2.4,1.6-3.8,1.6-2.7,0-5.4-2.1-5.4-5.3s2.4-5.4,5.3-5.4ZM105.2,20.8c10.2,3.4,19.6,16.2,25.7,34.1-8.5-1.6-17.1-2.5-25.7-2.8v-31.3ZM94.5,20.8v31.3c-5.6.2-11.1.6-16.5,1.3-.8-3.2-2.6-6-5.1-8.2,5.8-13.1,13.6-21.7,21.6-24.4Z\"><\/path><\/svg>\t\t\t\t\t\t<\/div>\n\t\t\t\t\t<\/div>\n\t\t\t\t\n\t\t\t\t\t\t\t\t\t<h3 class=\"elementor-cta__title elementor-cta__content-item elementor-content-item\">\n\t\t\t\t\t\tInternet Premium\t\t\t\t\t<\/h3>\n\t\t\t\t\n\t\t\t\t\t\t\t\t\t<div class=\"elementor-cta__description elementor-cta__content-item elementor-content-item\">\n\t\t\t\t\t\tNous proposons des forfaits internet personnalis\u00e9s r\u00e9pondants aux besoins sp\u00e9cifiques de votre entreprise.\t\t\t\t\t<\/div>\n\t\t\t\t\n\t\t\t\t\t\t\t\t\t<div class=\"elementor-cta__button-wrapper elementor-cta__content-item elementor-content-item \">\n\t\t\t\t\t<a class=\"elementor-cta__button elementor-button elementor-size-\" href=\"http:\/\/www.omtds.mu\/fr\/services\/solutions-de-connectivite-globale\/internet-premium\/\">\n\t\t\t\t\t\tEn savoir plus\t\t\t\t\t<\/a>\n\t\t\t\t\t<\/div>\n\t\t\t\t\t\t\t<\/div>\n\t\t\t\t\t\t<\/div>\n\t\t\t\t\t\t<\/div>\n\t\t\t\t<\/div>\n\t\t\t\t\t<\/div>\n\t\t\t\t<\/div>\n\t\t\t\t<\/div>\n\t\t","protected":false},"excerpt":{"rendered":"<p>Solutions de Connectivit\u00e9 Mondiale Dans un monde de plus en plus connect\u00e9, les entreprises ont besoin d\u2019une connectivit\u00e9 fiable et sans interruption pour assurer le bon d\u00e9roulement de leurs op\u00e9rations et rester comp\u00e9titives. Nos Solutions de Connectivit\u00e9 Mondiale sont con\u00e7ues pour r\u00e9pondre \u00e0 ces besoins, en offrant des options de connectivit\u00e9 s\u00e9curis\u00e9es et performantes qui [&hellip;]<\/p>\n","protected":false},"author":10,"featured_media":0,"parent":3393,"menu_order":0,"comment_status":"closed","ping_status":"closed","template":"elementor_header_footer","meta":{"_seopress_robots_primary_cat":"","_seopress_titles_title":"","_seopress_titles_desc":"","_seopress_robots_index":"","footnotes":""},"class_list":["post-3364","page","type-page","status-publish"],"_links":{"self":[{"href":"https:\/\/www.omtds.mu\/fr\/wp-json\/wp\/v2\/pages\/3364","targetHints":{"allow":["GET"]}}],"collection":[{"href":"https:\/\/www.omtds.mu\/fr\/wp-json\/wp\/v2\/pages"}],"about":[{"href":"https:\/\/www.omtds.mu\/fr\/wp-json\/wp\/v2\/types\/page"}],"author":[{"embeddable":true,"href":"https:\/\/www.omtds.mu\/fr\/wp-json\/wp\/v2\/users\/10"}],"replies":[{"embeddable":true,"href":"https:\/\/www.omtds.mu\/fr\/wp-json\/wp\/v2\/comments?post=3364"}],"version-history":[{"count":61,"href":"https:\/\/www.omtds.mu\/fr\/wp-json\/wp\/v2\/pages\/3364\/revisions"}],"predecessor-version":[{"id":5503,"href":"https:\/\/www.omtds.mu\/fr\/wp-json\/wp\/v2\/pages\/3364\/revisions\/5503"}],"up":[{"embeddable":true,"href":"https:\/\/www.omtds.mu\/fr\/wp-json\/wp\/v2\/pages\/3393"}],"wp:attachment":[{"href":"https:\/\/www.omtds.mu\/fr\/wp-json\/wp\/v2\/media?parent=3364"}],"curies":[{"name":"wp","href":"https:\/\/api.w.org\/{rel}","templated":true}]}}